{"id":242,"date":"2019-05-22T18:52:35","date_gmt":"2019-05-22T18:52:35","guid":{"rendered":"http:\/\/www.puurbeauty-feet.nl\/?page_id=242"},"modified":"2024-01-04T11:43:28","modified_gmt":"2024-01-04T11:43:28","slug":"schoonheidsbehandeling","status":"publish","type":"page","link":"https:\/\/www.puurbeauty-feet.nl\/index.php\/schoonheidsbehandeling\/","title":{"rendered":"Schoonheidsbehandeling"},"content":{"rendered":"\n<div class=\"wp-block-columns has-2-columns is-layout-flex wp-container-core-columns-layout-1 wp-block-columns-is-layout-flex\">\n<div class=\"wp-block-column is-layout-flow wp-block-column-is-layout-flow\">\n<p><strong>Puur basic<\/strong><br><em> \u20ac 35,00 (30 minuten) <\/em><br> * reiniging <br> * dieptereiniging <br> * wenkbrauwen epileren <br> * eye contour cr\u00e8me <br> * 24H cr\u00e8me afgestemd op de huid   <\/p>\n<\/div>\n\n\n\n<div class=\"wp-block-column is-layout-flow wp-block-column-is-layout-flow\">\n<p><strong>Puur complete<\/strong><br><em> \u20ac 47,50 (50 minuten) <\/em><br> * reiniging <br> * dieptereiniging <br> * onzuiverheden verwijderen <br> * wenkbrauwen epileren <br> * masker <br> * eye contour cr\u00e8me <br> * 24H cr\u00e8me afgestemd op de huid<br> * hoofdhuidmassage <\/p>\n\n\n\n<p><\/p>\n<\/div>\n<\/div>\n\n\n\n<p><strong>Puur relax<\/strong><br><em> \u20ac 64,50 (75 minuten)<\/em><br> * reiniging<br> * dieptereiniging<br> * onzuiverheden verwijderen<br> * wenkbrauwen epileren<br> * masker<br> * eye contour cr\u00e8me <br> * 24H cr\u00e8me afgestemd op de huid<br> * massage gelaat, hals en decollet\u00e9 incl. hoofdhuidmassage<\/p>\n\n\n\n<p><\/p>\n\n\n\n<p><\/p>\n\n\n\n<div class=\"wp-block-columns has-2-columns is-layout-flex wp-container-core-columns-layout-2 wp-block-columns-is-layout-flex\">\n<div class=\"wp-block-column is-layout-flow wp-block-column-is-layout-flow\">\n<p>Epileren<br>Epileren &amp; wenkbrauwen verven<br>Epileren &amp; wimpers verven<br>Epileren, wenkbrauwen &amp; wimpers verven<br>Verven wimpers of wenkbrauwen&nbsp;<br>Verven wimpers en wenkbrauwen&nbsp;<br>Harsen bovenlip of kin<br>Harsen bovenlip en kin <\/p>\n<\/div>\n\n\n\n<div class=\"wp-block-column is-layout-flow wp-block-column-is-layout-flow\">\n<p>\u20ac 17,50 <br>\u20ac 24,50<br>\u20ac 24,50<br>\u20ac 28,50<br>\u20ac 13,50<br>\u20ac 22,50<br>\u20ac 13,50<br>\u20ac 22,50<\/p>\n<\/div>\n<\/div>\n\n\n\n<figure class=\"wp-block-image\"><img loading=\"lazy\" decoding=\"async\" width=\"750\" height=\"754\" src=\"http:\/\/www.puurbeauty-feet.nl\/wp-content\/uploads\/2019\/05\/IMG_5882.jpg\" alt=\"\" class=\"wp-image-123\" srcset=\"https:\/\/www.puurbeauty-feet.nl\/wp-content\/uploads\/2019\/05\/IMG_5882.jpg 750w, https:\/\/www.puurbeauty-feet.nl\/wp-content\/uploads\/2019\/05\/IMG_5882-150x150.jpg 150w, https:\/\/www.puurbeauty-feet.nl\/wp-content\/uploads\/2019\/05\/IMG_5882-298x300.jpg 298w, https:\/\/www.puurbeauty-feet.nl\/wp-content\/uploads\/2019\/05\/IMG_5882-269x270.jpg 269w\" sizes=\"(max-width: 750px) 100vw, 750px\" \/><\/figure>\n","protected":false},"excerpt":{"rendered":"<p>Puur basic \u20ac 35,00 (30 minuten) * reiniging * dieptereiniging * wenkbrauwen epileren * eye contour cr\u00e8me * 24H cr\u00e8me afgestemd op de huid Puur complete \u20ac 47,50 (50 minuten) * reiniging * dieptereiniging * onzuiverheden verwijderen * wenkbrauwen epileren * masker * eye contour cr\u00e8me * 24H cr\u00e8me afgestemd op de huid * hoofdhuidmassage Puur relax \u20ac 64,50 (75 minuten) * reiniging * dieptereiniging * onzuiverheden verwijderen * wenkbrauwen epileren * masker * eye contour cr\u00e8me * 24H cr\u00e8me&#8230;<\/p>\n<p class=\"read-more\"><a class=\"btn btn-default\" href=\"https:\/\/www.puurbeauty-feet.nl\/index.php\/schoonheidsbehandeling\/\"> Lees Meer<span class=\"screen-reader-text\">  Lees Meer<\/span><\/a><\/p>\n","protected":false},"author":1,"featured_media":0,"parent":0,"menu_order":0,"comment_status":"closed","ping_status":"closed","template":"","meta":{"footnotes":""},"_links":{"self":[{"href":"https:\/\/www.puurbeauty-feet.nl\/index.php\/wp-json\/wp\/v2\/pages\/242"}],"collection":[{"href":"https:\/\/www.puurbeauty-feet.nl\/index.php\/wp-json\/wp\/v2\/pages"}],"about":[{"href":"https:\/\/www.puurbeauty-feet.nl\/index.php\/wp-json\/wp\/v2\/types\/page"}],"author":[{"embeddable":true,"href":"https:\/\/www.puurbeauty-feet.nl\/index.php\/wp-json\/wp\/v2\/users\/1"}],"replies":[{"embeddable":true,"href":"https:\/\/www.puurbeauty-feet.nl\/index.php\/wp-json\/wp\/v2\/comments?post=242"}],"version-history":[{"count":12,"href":"https:\/\/www.puurbeauty-feet.nl\/index.php\/wp-json\/wp\/v2\/pages\/242\/revisions"}],"predecessor-version":[{"id":386,"href":"https:\/\/www.puurbeauty-feet.nl\/index.php\/wp-json\/wp\/v2\/pages\/242\/revisions\/386"}],"wp:attachment":[{"href":"https:\/\/www.puurbeauty-feet.nl\/index.php\/wp-json\/wp\/v2\/media?parent=242"}],"curies":[{"name":"wp","href":"https:\/\/api.w.org\/{rel}","templated":true}]}}